{"id":7022,"date":"2019-02-27T09:20:22","date_gmt":"2019-02-27T09:20:22","guid":{"rendered":"https:\/\/www.esfreus.com\/?page_id=7022"},"modified":"2019-02-27T09:22:25","modified_gmt":"2019-02-27T09:22:25","slug":"terminos-y-condiciones-de-la-tarjeta-regalo","status":"publish","type":"page","link":"https:\/\/www.esfreus.com\/it\/lista-de-bodas\/terminos-y-condiciones-de-la-tarjeta-regalo\/","title":{"rendered":"T\u00e9rminos y condiciones de la &#8220;Tarjeta Regalo&#8221;"},"content":{"rendered":"<p>\u00bfQU\u00c9 ES?<br \/>\nLa \u201ctarjeta regalo\u201d es un a cuenta (dep\u00f3sito) para una Luna de Miel (Viaje de Novios) que ha contratado una pareja (dos personas) en Viajes Es Freus S.A. Es una aportaci\u00f3n al valor total de un viaje.<\/p>\n<p>CONDICIONES DE PAGO<br \/>\nEl \u00fanico sistema de pago admitido es con tarjeta.<br \/>\nPara formalizar el pago de la \u201ctarjeta regalo\u201d deber\u00e1 clickar en \u201crealizar pedido\u201d, y ser\u00e1 redirigido a la pasarela de pago del banco correspondiente. Es decir: Usted realiza el pago al banco y los datos de su tarjeta en ning\u00fan caso se los entrega a Viajes Es Freus S.A. El sistema de pago es completamente seguro.<\/p>\n<p>DEVOLUCIONES<br \/>\nLa devoluci\u00f3n de la tarjeta regalo, se realizar\u00eda del mismo modo que se realiz\u00f3 el pago. Este proceso de devoluci\u00f3n tendr\u00e1 un coste de 15\u20ac, en concepto de tramitaci\u00f3n.<br \/>\nEn caso de cancelaci\u00f3n del evento (la boda no se realiza), la devoluci\u00f3n se realizar\u00e1 a trav\u00e9s del mismo m\u00e9todo de pago siempre que sea posible, o bien a trav\u00e9s de transferencia bancaria, nunca en efectivo. El proceso de devoluci\u00f3n, en este caso, tendr\u00e1 un coste 10\u20ac en concepto de tramitaci\u00f3n.<br \/>\nPara poder realizar la devoluci\u00f3n, deber\u00e1 reenviar siempre el mail cuyo asunto es \u201c\u00a1Hemos recibido tu pedido en Viajes Es Freus!\u201d a admin@esfreus.com, solicitando la devoluci\u00f3n. La devoluci\u00f3n no es inmediata. El proceso podr\u00e1 tardar unos 7 d\u00edas aproximadamente.<br \/>\nNo se realizar\u00e1 la devoluci\u00f3n sin tener el documento acreditativo de realizaci\u00f3n y pago del pedido (tarjeta regalo).<br \/>\nEn ning\u00fan caso Viajes Es Freus S.A. es responsable si el proceso de devoluci\u00f3n se demora m\u00e1s de lo expresado.<\/p>\n<p>CANCELACI\u00d3N DEL PAGO CON TARJETA SIN AVISO<br \/>\nAl utilizar el servicio \u201ctarjeta regalo\u201d para contribuir en el valor total de un viaje, se entiende que Usted, es part\u00edcipe y realiza este servicio sin coacci\u00f3n. Si Usted decidiera cancelar el pago con tarjeta a trav\u00e9s de su banco, sin haber realizado el proceso tal y como se define en el apartado \u201cDevoluciones\u201d de estos t\u00e9rminos y condiciones, Viajes Es Freus S.A. podr\u00e1 ejercitar todos sus derechos, de conformidad con la legislaci\u00f3n vigente.<\/p>\n<p>SU CUENTA EN LA WEB DE VIAJES ES FREUS<br \/>\nNo es necesario estar registrado para utilizar este servicio \u201ctarjeta regalo\u201d. Si Usted se registra, de manera autom\u00e1tica, recibir\u00e1 un mail de notificaci\u00f3n con el alta y su contrase\u00f1a.<\/p>\n<p>LOS DATOS REQUERIDOS Y LA DEDICATORIA<br \/>\nLos datos requeridos son necesarios para formalizar el pago \u201ctarjeta regalo\u201d.<br \/>\nEstos datos ser\u00e1n remitidos, as\u00ed como el importe de la \u201ctarjeta regalo\u201d, a las personas que han contratado la Luna de Miel (Viaje de Novios).<br \/>\nLa dedicatoria no es un dato obligatorio. Si Usted cumplimenta este campo, Viajes Es Freus S.A. lo remitir\u00e1 a las personas que han contratado el viaje.<\/p>\n<p>OTROS<br \/>\nCualquier informaci\u00f3n en relaci\u00f3n a la Luna de Miel (Viajes de Novios) es propiedad de la pareja que ha contratado el viaje.<br \/>\nPara m\u00e1s informaci\u00f3n puede dirigirse a comunicaci\u00f3n@esfreus.com<\/p>\n","protected":false},"excerpt":{"rendered":"<p>\u00bfQU\u00c9 ES? La \u201ctarjeta regalo\u201d es un a cuenta (dep\u00f3sito) para una Luna de Miel (Viaje de Novios) que ha contratado una pareja (dos personas) en Viajes Es Freus S.A. Es una aportaci\u00f3n al valor total de un viaje. CONDICIONES DE PAGO El \u00fanico sistema de pago admitido es con tarjeta. Para formalizar el pago [&hellip;]<\/p>\n","protected":false},"author":1,"featured_media":0,"parent":6955,"menu_order":0,"comment_status":"closed","ping_status":"closed","template":"","meta":{"footnotes":""},"class_list":["post-7022","page","type-page","status-publish","hentry"],"_links":{"self":[{"href":"https:\/\/www.esfreus.com\/it\/wp-json\/wp\/v2\/pages\/7022","targetHints":{"allow":["GET"]}}],"collection":[{"href":"https:\/\/www.esfreus.com\/it\/wp-json\/wp\/v2\/pages"}],"about":[{"href":"https:\/\/www.esfreus.com\/it\/wp-json\/wp\/v2\/types\/page"}],"author":[{"embeddable":true,"href":"https:\/\/www.esfreus.com\/it\/wp-json\/wp\/v2\/users\/1"}],"replies":[{"embeddable":true,"href":"https:\/\/www.esfreus.com\/it\/wp-json\/wp\/v2\/comments?post=7022"}],"version-history":[{"count":2,"href":"https:\/\/www.esfreus.com\/it\/wp-json\/wp\/v2\/pages\/7022\/revisions"}],"predecessor-version":[{"id":7024,"href":"https:\/\/www.esfreus.com\/it\/wp-json\/wp\/v2\/pages\/7022\/revisions\/7024"}],"up":[{"embeddable":true,"href":"https:\/\/www.esfreus.com\/it\/wp-json\/wp\/v2\/pages\/6955"}],"wp:attachment":[{"href":"https:\/\/www.esfreus.com\/it\/wp-json\/wp\/v2\/media?parent=7022"}],"curies":[{"name":"wp","href":"https:\/\/api.w.org\/{rel}","templated":true}]}}