{"id":6041,"date":"2018-06-04T06:34:16","date_gmt":"2018-06-04T06:34:16","guid":{"rendered":"http:\/\/www.esfreus.com\/wp\/?page_id=6041"},"modified":"2022-07-28T10:06:25","modified_gmt":"2022-07-28T10:06:25","slug":"paquetes","status":"publish","type":"page","link":"https:\/\/www.esfreus.com\/fr\/paquetes\/","title":{"rendered":"Paquetes"},"content":{"rendered":"<p class=\"qtranxs-available-languages-message qtranxs-available-languages-message-fr\">D\u00e9sol\u00e9, cet article est seulement disponible en <a href=\"https:\/\/www.esfreus.com\/es\/wp-json\/wp\/v2\/pages\/6041\" class=\"qtranxs-available-language-link qtranxs-available-language-link-es\" title=\"Espa\u00f1ol\">Espa\u00f1ol<\/a> et <a href=\"https:\/\/www.esfreus.com\/en\/wp-json\/wp\/v2\/pages\/6041\" class=\"qtranxs-available-language-link qtranxs-available-language-link-en\" title=\"English\">English<\/a>.<\/p>\n","protected":false},"excerpt":{"rendered":"<p>D\u00e9sol\u00e9, cet article est seulement disponible en Espa\u00f1ol et English.<\/p>\n","protected":false},"author":1,"featured_media":0,"parent":0,"menu_order":0,"comment_status":"closed","ping_status":"closed","template":"page-tour-list.php","meta":{"footnotes":""},"class_list":["post-6041","page","type-page","status-publish","hentry"],"_links":{"self":[{"href":"https:\/\/www.esfreus.com\/fr\/wp-json\/wp\/v2\/pages\/6041","targetHints":{"allow":["GET"]}}],"collection":[{"href":"https:\/\/www.esfreus.com\/fr\/wp-json\/wp\/v2\/pages"}],"about":[{"href":"https:\/\/www.esfreus.com\/fr\/wp-json\/wp\/v2\/types\/page"}],"author":[{"embeddable":true,"href":"https:\/\/www.esfreus.com\/fr\/wp-json\/wp\/v2\/users\/1"}],"replies":[{"embeddable":true,"href":"https:\/\/www.esfreus.com\/fr\/wp-json\/wp\/v2\/comments?post=6041"}],"version-history":[{"count":4,"href":"https:\/\/www.esfreus.com\/fr\/wp-json\/wp\/v2\/pages\/6041\/revisions"}],"predecessor-version":[{"id":8225,"href":"https:\/\/www.esfreus.com\/fr\/wp-json\/wp\/v2\/pages\/6041\/revisions\/8225"}],"wp:attachment":[{"href":"https:\/\/www.esfreus.com\/fr\/wp-json\/wp\/v2\/media?parent=6041"}],"curies":[{"name":"wp","href":"https:\/\/api.w.org\/{rel}","templated":true}]}}