{"id":5852,"date":"2018-02-13T09:43:21","date_gmt":"2018-02-13T09:43:21","guid":{"rendered":"http:\/\/www.esfreus.com:8008\/wp\/?page_id=5852"},"modified":"2023-06-22T07:46:14","modified_gmt":"2023-06-22T07:46:14","slug":"oficinas","status":"publish","type":"page","link":"https:\/\/www.esfreus.com\/fr\/oficinas\/","title":{"rendered":"Oficinas"},"content":{"rendered":"<p>[vc_row][vc_column][vc_column_text]<\/p>\n<h3>Viajes Es Freus, agencias de viajes en las Islas Baleares.<\/h3>\n<p>Tenemos nuestras agencias repartidas en todas las Baleares, aqu\u00ed encontrar\u00e1s todas las direcciones y datos de contacto para que localices tu oficina m\u00e1s cercana.<\/p>\n<h4 style=\"text-align: left;\">Oficina en Formentera<\/h4>\n<p style=\"text-align: left;\">Viajes Es Freus &#8211; Formentera: 971 32 22 84 &#8211; formentera@esfreus.com<br \/>\nC\/. de Sant Joan (Cantonada 8 d\u2019Agost) 07860 Sant Francesc Xavier<\/p>\n<h4 style=\"text-align: left;\">Oficinas en Ibiza<\/h4>\n<p style=\"text-align: left;\">Viajes Es Freus &#8211; Sant Jordi: 971 30 80 82 &#8211; santjordi@esfreus.com<br \/>\nResidencial Luisa Oliver Local 1, Bloque 2 \u2013 07817<br \/>\nSant Jordi de Ses salines<\/p>\n<h4 style=\"text-align: left;\">Oficina en Mallorca<\/h4>\n<p style=\"text-align: left;\">Viajes Es Freus &#8211; Palma: 971 22 04 55 &#8211; palma@esfreus.com<br \/>\nCarrer Bellpuig, 43 07014 Palma de Mallorca<\/p>\n<h4 style=\"text-align: left;\">Oficina en Menorca<\/h4>\n<p style=\"text-align: left;\">Viajes Es Freus &#8211; Ma\u00f3: 971 35 00 45 &#8211; menorca@esfreus.com<br \/>\nCam\u00ed de Ses Vinyes, 130 07703 Ma\u00f3<\/p>\n<h4 style=\"text-align: left;\">Call center mayorista (Ibiza)<\/h4>\n<p style=\"text-align: left;\">c\/ Navarra, 7 \u2013 07800 Ibiza<br \/>\nTel. 971 30 80 69<br \/>\nFax. 971 39 15 18<br \/>\nbooking@esfreus.com<\/p>\n<p>Registro de Empresas, Actividades y Establecimientos Tur\u00edsticos: <strong>AV-MD-0009-EIF<\/strong>[\/vc_column_text][\/vc_column][\/vc_row]<\/p>\n","protected":false},"excerpt":{"rendered":"<p>[vc_row][vc_column][vc_column_text] Viajes Es Freus, agencias de viajes en las Islas Baleares. Tenemos nuestras agencias repartidas en todas las Baleares, aqu\u00ed encontrar\u00e1s todas las direcciones y datos de contacto para que localices tu oficina m\u00e1s cercana. Oficina en Formentera Viajes Es Freus &#8211; Formentera: 971 32 22 84 &#8211; formentera@esfreus.com C\/. de Sant Joan (Cantonada 8 [&hellip;]<\/p>\n","protected":false},"author":1,"featured_media":0,"parent":0,"menu_order":0,"comment_status":"closed","ping_status":"closed","template":"","meta":{"footnotes":""},"class_list":["post-5852","page","type-page","status-publish","hentry"],"_links":{"self":[{"href":"https:\/\/www.esfreus.com\/fr\/wp-json\/wp\/v2\/pages\/5852","targetHints":{"allow":["GET"]}}],"collection":[{"href":"https:\/\/www.esfreus.com\/fr\/wp-json\/wp\/v2\/pages"}],"about":[{"href":"https:\/\/www.esfreus.com\/fr\/wp-json\/wp\/v2\/types\/page"}],"author":[{"embeddable":true,"href":"https:\/\/www.esfreus.com\/fr\/wp-json\/wp\/v2\/users\/1"}],"replies":[{"embeddable":true,"href":"https:\/\/www.esfreus.com\/fr\/wp-json\/wp\/v2\/comments?post=5852"}],"version-history":[{"count":12,"href":"https:\/\/www.esfreus.com\/fr\/wp-json\/wp\/v2\/pages\/5852\/revisions"}],"predecessor-version":[{"id":8518,"href":"https:\/\/www.esfreus.com\/fr\/wp-json\/wp\/v2\/pages\/5852\/revisions\/8518"}],"wp:attachment":[{"href":"https:\/\/www.esfreus.com\/fr\/wp-json\/wp\/v2\/media?parent=5852"}],"curies":[{"name":"wp","href":"https:\/\/api.w.org\/{rel}","templated":true}]}}