{"id":331,"date":"2015-02-19T13:10:27","date_gmt":"2015-02-19T13:10:27","guid":{"rendered":"http:\/\/www.themeenergy.com\/themes\/wordpress\/book-your-travel\/?page_id=331"},"modified":"2019-11-21T09:52:49","modified_gmt":"2019-11-21T09:52:49","slug":"search-results","status":"publish","type":"page","link":"https:\/\/www.esfreus.com\/fr\/search-results\/","title":{"rendered":"Search results"},"content":{"rendered":"<div class=\"content_block\" id=\"custom_post_widget-7460\"><p class=\"qtranxs-available-languages-message qtranxs-available-languages-message-fr\">D\u00e9sol\u00e9, cet article est seulement disponible en <a href=\"https:\/\/www.esfreus.com\/es\/wp-json\/wp\/v2\/pages\/331\" class=\"qtranxs-available-language-link qtranxs-available-language-link-es\" title=\"Espa\u00f1ol\">Espa\u00f1ol<\/a> et <a href=\"https:\/\/www.esfreus.com\/en\/wp-json\/wp\/v2\/pages\/331\" class=\"qtranxs-available-language-link qtranxs-available-language-link-en\" title=\"English\">English<\/a>.<\/p>\n<\/div>\n","protected":false},"excerpt":{"rendered":"D\u00e9sol\u00e9, cet article est seulement disponible en Espa\u00f1ol et English.","protected":false},"author":1,"featured_media":0,"parent":0,"menu_order":0,"comment_status":"closed","ping_status":"open","template":"custom-search-results.php","meta":{"footnotes":""},"class_list":["post-331","page","type-page","status-publish","hentry"],"_links":{"self":[{"href":"https:\/\/www.esfreus.com\/fr\/wp-json\/wp\/v2\/pages\/331","targetHints":{"allow":["GET"]}}],"collection":[{"href":"https:\/\/www.esfreus.com\/fr\/wp-json\/wp\/v2\/pages"}],"about":[{"href":"https:\/\/www.esfreus.com\/fr\/wp-json\/wp\/v2\/types\/page"}],"author":[{"embeddable":true,"href":"https:\/\/www.esfreus.com\/fr\/wp-json\/wp\/v2\/users\/1"}],"replies":[{"embeddable":true,"href":"https:\/\/www.esfreus.com\/fr\/wp-json\/wp\/v2\/comments?post=331"}],"version-history":[{"count":2,"href":"https:\/\/www.esfreus.com\/fr\/wp-json\/wp\/v2\/pages\/331\/revisions"}],"predecessor-version":[{"id":7462,"href":"https:\/\/www.esfreus.com\/fr\/wp-json\/wp\/v2\/pages\/331\/revisions\/7462"}],"wp:attachment":[{"href":"https:\/\/www.esfreus.com\/fr\/wp-json\/wp\/v2\/media?parent=331"}],"curies":[{"name":"wp","href":"https:\/\/api.w.org\/{rel}","templated":true}]}}