{"id":7028,"date":"2019-02-27T12:01:57","date_gmt":"2019-02-27T12:01:57","guid":{"rendered":"https:\/\/www.esfreus.com\/?post_type=product&#038;p=7028"},"modified":"2019-02-27T12:08:31","modified_gmt":"2019-02-27T12:08:31","slug":"tarjeta-regalo-andrea-y-miguel-viaje-a-japon-el-pais-del-sol-naciente","status":"publish","type":"product","link":"https:\/\/www.esfreus.com\/es\/producto\/tarjeta-regalo-andrea-y-miguel-viaje-a-japon-el-pais-del-sol-naciente\/","title":{"rendered":"TARJETA REGALO ANDREA Y MIGUEL <br>VIAJE A JAP\u00d3N, EL PAIS DEL SOL NACIENTE 28\/03\/2019"},"content":{"rendered":"<p><span style=\"font-family: Verdana, serif;\"><span style=\"font-size: small;\">Visitaremos una de las culturas con m\u00e1s personalidad del mundo. Donde los diferentes colores de sus jardines, templos, santuarios y tradiciones nos contagiar\u00e1n con su magia. <\/span><\/span><\/p>\n<p><span style=\"font-family: Verdana, serif;\"><span style=\"font-size: small;\">Pasaremos por la sorprendente y bulliciosa ciudad de Tokio, disfrutaremos de la Ceremonia del T\u00e9, nos acercaremos al monte Fuji y nos relajaremos en las aguas termales de Nozawa Onsen. Nuestro rom\u00e1ntico recorrido ir\u00e1 acompa\u00f1ado de la fant\u00e1stica y diversa gastronom\u00eda japonesa. Dos semanas en el pa\u00eds del sol naciente, para celebrar nuestra luna de miel.<\/span><\/span><\/p>\n<p><a href=\"https:\/\/www.esfreus.com\/lista-de-bodas\/terminos-y-condiciones-de-la-tarjeta-regalo\/\">Ver T\u00e9rminos y condiciones de la Tarjeta Regalo<\/a><\/p>\n","protected":false},"excerpt":{"rendered":"<p><span style=\"font-family: Verdana, serif;\"><span style=\"font-size: small;\">Visitaremos una de las culturas con m\u00e1s personalidad del mundo. Donde los diferentes colores de sus jardines, templos, santuarios y tradiciones nos contagiar\u00e1n con su magia. <\/span><\/span><\/p>\n<p><span style=\"font-family: Verdana, serif;\"><span style=\"font-size: small;\">Pasaremos por la sorprendente y bulliciosa ciudad de Tokio, disfrutaremos de la Ceremonia del T\u00e9, nos acercaremos al monte Fuji y nos relajaremos en las aguas termales de Nozawa Onsen. Nuestro rom\u00e1ntico recorrido ir\u00e1 acompa\u00f1ado de la fant\u00e1stica y diversa gastronom\u00eda japonesa. Dos semanas en el pa\u00eds del sol naciente, para celebrar nuestra luna de miel.<\/span><\/span><\/p>\n","protected":false},"featured_media":6947,"template":"","meta":[],"class_list":["post-7028","product","type-product","status-publish","has-post-thumbnail","hentry","product_cat-luna-de-miel-andrea-y-miguel"],"_links":{"self":[{"href":"https:\/\/www.esfreus.com\/es\/wp-json\/wp\/v2\/product\/7028","targetHints":{"allow":["GET"]}}],"collection":[{"href":"https:\/\/www.esfreus.com\/es\/wp-json\/wp\/v2\/product"}],"about":[{"href":"https:\/\/www.esfreus.com\/es\/wp-json\/wp\/v2\/types\/product"}],"wp:featuredmedia":[{"embeddable":true,"href":"https:\/\/www.esfreus.com\/es\/wp-json\/wp\/v2\/media\/6947"}],"wp:attachment":[{"href":"https:\/\/www.esfreus.com\/es\/wp-json\/wp\/v2\/media?parent=7028"}],"curies":[{"name":"wp","href":"https:\/\/api.w.org\/{rel}","templated":true}]}}