{"id":6723,"date":"2018-08-24T10:56:46","date_gmt":"2018-08-24T10:56:46","guid":{"rendered":"https:\/\/www.esfreus.com\/?page_id=6723"},"modified":"2018-08-24T10:56:46","modified_gmt":"2018-08-24T10:56:46","slug":"discover-the-island-of-mallorca","status":"publish","type":"page","link":"https:\/\/www.esfreus.com\/es\/discover-the-island-of-mallorca\/","title":{"rendered":"Descubre la isla de Mallorca"},"content":{"rendered":"<p>Descubre la isla de Mallorca, si te apetece un viaje a un destino cercano, en el que encontrar una oferta tur\u00edstica amplia y que no se escape mucho de presupuesto, te invitamos a conocer la mayor de las Islas Baleares.<\/p>\n<p>En Mallorca encontrar\u00e1s turismo cultural, turismo de playa, turismo deportivo, turismo rural\u2026 Puedes montar tu viaje totalmente a medida, dependiendo de lo que busques, de tu estilo de viaje y de tus acompa\u00f1antes. \u00bfViajas en familia? Pregunta por los parques tem\u00e1ticos y hoteles m\u00e1s adecuados para ni\u00f1os. \u00bfViajas con amigos? Pregunta por las zonas m\u00e1s animadas, lugares m\u00e1s populares y los centros de compras. \u00bfViajas solo? Tal vez te interese un turismo rural en el que tener todas las comodidades y donde puedas leer un buen libro, escribir o escuchar m\u00fasica.<\/p>\n<p>Desde Viajes Es Freus te ayudaremos a programar todo el viaje, recuerda que tenemos una oficina f\u00edsica en la isla de Mallorca por lo que conocemos el destino y podemos facilitarte todos los detalles: alquilar un coche para que lo tengas disponible directamente en el aeropuerto, reservarte con antelaci\u00f3n las entradas a los lugares que quieras visitar, ofrecerte los mejores horarios y tarifas para llegar a la isla en barco\u2026 M\u00e1ndanos un e-mail a <a href=\"mailto:comunicacion@esfreus.com\">comunicacion@esfreus.com<\/a> explicando lo que necesitas y nosotros lo organizamos.<\/p>\n<p><center><iframe loading=\"lazy\" src=\"https:\/\/www.youtube.com\/embed\/-bIt863r0EQ\" width=\"806\" height=\"605\" frameborder=\"0\" allowfullscreen=\"allowfullscreen\"><\/iframe><\/center><\/p>","protected":false},"excerpt":{"rendered":"<p>Descubre la isla de Mallorca, si te apetece un viaje a un destino cercano, en el que encontrar una oferta tur\u00edstica amplia y que no se escape mucho de presupuesto, te invitamos a conocer la mayor de las Islas Baleares. En Mallorca encontrar\u00e1s turismo cultural, turismo de playa, turismo deportivo, turismo rural\u2026 Puedes montar tu [&hellip;]<\/p>\n","protected":false},"author":1,"featured_media":6724,"parent":0,"menu_order":0,"comment_status":"closed","ping_status":"closed","template":"","meta":{"footnotes":""},"class_list":["post-6723","page","type-page","status-publish","has-post-thumbnail","hentry"],"_links":{"self":[{"href":"https:\/\/www.esfreus.com\/es\/wp-json\/wp\/v2\/pages\/6723","targetHints":{"allow":["GET"]}}],"collection":[{"href":"https:\/\/www.esfreus.com\/es\/wp-json\/wp\/v2\/pages"}],"about":[{"href":"https:\/\/www.esfreus.com\/es\/wp-json\/wp\/v2\/types\/page"}],"author":[{"embeddable":true,"href":"https:\/\/www.esfreus.com\/es\/wp-json\/wp\/v2\/users\/1"}],"replies":[{"embeddable":true,"href":"https:\/\/www.esfreus.com\/es\/wp-json\/wp\/v2\/comments?post=6723"}],"version-history":[{"count":1,"href":"https:\/\/www.esfreus.com\/es\/wp-json\/wp\/v2\/pages\/6723\/revisions"}],"predecessor-version":[{"id":6725,"href":"https:\/\/www.esfreus.com\/es\/wp-json\/wp\/v2\/pages\/6723\/revisions\/6725"}],"wp:featuredmedia":[{"embeddable":true,"href":"https:\/\/www.esfreus.com\/es\/wp-json\/wp\/v2\/media\/6724"}],"wp:attachment":[{"href":"https:\/\/www.esfreus.com\/es\/wp-json\/wp\/v2\/media?parent=6723"}],"curies":[{"name":"wp","href":"https:\/\/api.w.org\/{rel}","templated":true}]}}