{"id":6041,"date":"2018-06-04T06:34:16","date_gmt":"2018-06-04T06:34:16","guid":{"rendered":"http:\/\/www.esfreus.com\/wp\/?page_id=6041"},"modified":"2022-07-28T10:06:25","modified_gmt":"2022-07-28T10:06:25","slug":"paquetes","status":"publish","type":"page","link":"https:\/\/www.esfreus.com\/es\/paquetes\/","title":{"rendered":"Paquetes"},"content":{"rendered":"<h3>Si te gusta salir de viaje con todo organizado para no preocuparte por nada, esta es tu secci\u00f3n.<\/h3>\n<p>En Viajes Es Freus somos expertos preparando y organizando paquetes combinados. Gracias a nuestro conocimiento del mercado y a nuestra amplia red de colaboradores podemos ofertar un producto completo para que est\u00e9s cubierto desde que sales de casa hasta que vuelves. Vuelos, alojamiento, traslados, coches de alquiler, excursiones, entradas\u2026 Simplemente cu\u00e9ntanos lo que necesitas y nosotros lo buscaremos.<\/p>\n<p>Adem\u00e1s de colaborar con las empresas m\u00e1s importantes del sector tur\u00edstico, disponemos de nuestra propia agencia de viajes mayorista, esto hace que podamos organizar tu viaje a medida desde cero, sin tener que ajustarte a un paquete predefinido si no es lo que est\u00e1s buscando. Todo esto, sumado que tenemos acuerdos con las navieras m\u00e1s importantes de Baleares, nos convierte en los m\u00e1s competitivos.<\/p>\n<p>Consulta todos nuestros paquetes <a href=\"https:\/\/viajesesfreus.bookingfax.com\/\">aqu\u00ed.<\/a><\/p>\n","protected":false},"excerpt":{"rendered":"<p>Si te gusta salir de viaje con todo organizado para no preocuparte por nada, esta es tu secci\u00f3n. En Viajes Es Freus somos expertos preparando y organizando paquetes combinados. Gracias a nuestro conocimiento del mercado y a nuestra amplia red de colaboradores podemos ofertar un producto completo para que est\u00e9s cubierto desde que sales de [&hellip;]<\/p>\n","protected":false},"author":1,"featured_media":0,"parent":0,"menu_order":0,"comment_status":"closed","ping_status":"closed","template":"page-tour-list.php","meta":{"footnotes":""},"class_list":["post-6041","page","type-page","status-publish","hentry"],"_links":{"self":[{"href":"https:\/\/www.esfreus.com\/es\/wp-json\/wp\/v2\/pages\/6041","targetHints":{"allow":["GET"]}}],"collection":[{"href":"https:\/\/www.esfreus.com\/es\/wp-json\/wp\/v2\/pages"}],"about":[{"href":"https:\/\/www.esfreus.com\/es\/wp-json\/wp\/v2\/types\/page"}],"author":[{"embeddable":true,"href":"https:\/\/www.esfreus.com\/es\/wp-json\/wp\/v2\/users\/1"}],"replies":[{"embeddable":true,"href":"https:\/\/www.esfreus.com\/es\/wp-json\/wp\/v2\/comments?post=6041"}],"version-history":[{"count":4,"href":"https:\/\/www.esfreus.com\/es\/wp-json\/wp\/v2\/pages\/6041\/revisions"}],"predecessor-version":[{"id":8225,"href":"https:\/\/www.esfreus.com\/es\/wp-json\/wp\/v2\/pages\/6041\/revisions\/8225"}],"wp:attachment":[{"href":"https:\/\/www.esfreus.com\/es\/wp-json\/wp\/v2\/media?parent=6041"}],"curies":[{"name":"wp","href":"https:\/\/api.w.org\/{rel}","templated":true}]}}